{"id":68,"date":"2019-08-31T17:44:59","date_gmt":"2019-08-31T15:44:59","guid":{"rendered":"http:\/\/cercle-avocats.fr\/?page_id=68"},"modified":"2019-08-31T17:44:59","modified_gmt":"2019-08-31T15:44:59","slug":"marion-famery","status":"publish","type":"page","link":"https:\/\/lcdavocats.com\/index.php\/marion-famery\/","title":{"rendered":"Marion FAMERY"},"content":{"rendered":"\n<h2 class=\"wp-block-heading\">Formation<\/h2>\n\n\n\n<ul class=\"wp-block-list\"><li> Master 1 Carri\u00e8res Judiciaires et Sciences Criminelles (Universit\u00e9 de Rouen)<\/li><li> Master 2 Droit Priv\u00e9, Sp\u00e9cialit\u00e9 Droit Interne (Universit\u00e9 de Rouen)<\/li><\/ul>\n\n\n\n<p>Ma\u00eetre Marion FAMERY a pr\u00eat\u00e9 serment en octobre 2011<\/p>\n\n\n\n<div style=\"height:100px\" aria-hidden=\"true\" class=\"wp-block-spacer\"><\/div>\n\n\n\n<h2 class=\"wp-block-heading\">Activit\u00e9s<\/h2>\n\n\n\n<p>Ma\u00eetre Marion FAMERY a rejoint le cabinet<a rel=\"noreferrer noopener\" href=\"http:\/\/www.lhjavocats.com\/\" target=\"_blank\"> <\/a>LHJ AVOCATS en septembre 2012. Elle est d\u00e9sormais associ\u00e9e de la structure depuis le mois de juillet 2018 .<\/p>\n\n\n\n<p>Elle intervient dans tous les domaines du droit mais plus particuli\u00e8rement&nbsp;:<\/p>\n\n\n\n<p>\u2013 en droit de la famille (divorce et s\u00e9paration, pension alimentaire, probl\u00e9matiques post-divorce)&nbsp;;<\/p>\n\n\n\n<p>\u2013 en droit commercial (recouvrement de cr\u00e9ance, droit des contrats, \u2026)&nbsp;;<\/p>\n\n\n\n<p>\u2013 en droit de la consommation (cr\u00e9dit \u00e0 la consommation, surendettement, \u2026)&nbsp;;<\/p>\n\n\n\n<p>\u2013 en droit des entreprises en difficult\u00e9s (proc\u00e9dures de redressement ou liquidation judiciaire, impact sur le cautionnement des dirigeants)&nbsp;;<\/p>\n\n\n\n<p>\u2013 en droit des proc\u00e9dures d\u2019ex\u00e9cution forc\u00e9e (saisies attribution, commandement de payer) avec une comp\u00e9tence particuli\u00e8re en saisie immobili\u00e8re.<\/p>\n","protected":false},"excerpt":{"rendered":"<p>Formation Master 1 Carri\u00e8res Judiciaires et Sciences Criminelles (Universit\u00e9 de Rouen) Master 2 Droit Priv\u00e9, Sp\u00e9cialit\u00e9 Droit Interne (Universit\u00e9 de Rouen) Ma\u00eetre Marion FAMERY a pr\u00eat\u00e9 serment en octobre 2011 Activit\u00e9s Ma\u00eetre Marion FAMERY a rejoint le cabinet LHJ AVOCATS en septembre 2012. Elle est d\u00e9sormais associ\u00e9e de la structure depuis le mois de juillet&hellip; <br \/> <a class=\"read-more\" href=\"https:\/\/lcdavocats.com\/index.php\/marion-famery\/\">Lire la suite<\/a><\/p>\n","protected":false},"author":1,"featured_media":0,"parent":0,"menu_order":0,"comment_status":"closed","ping_status":"closed","template":"","meta":{"footnotes":""},"class_list":["post-68","page","type-page","status-publish","hentry"],"_links":{"self":[{"href":"https:\/\/lcdavocats.com\/index.php\/wp-json\/wp\/v2\/pages\/68","targetHints":{"allow":["GET"]}}],"collection":[{"href":"https:\/\/lcdavocats.com\/index.php\/wp-json\/wp\/v2\/pages"}],"about":[{"href":"https:\/\/lcdavocats.com\/index.php\/wp-json\/wp\/v2\/types\/page"}],"author":[{"embeddable":true,"href":"https:\/\/lcdavocats.com\/index.php\/wp-json\/wp\/v2\/users\/1"}],"replies":[{"embeddable":true,"href":"https:\/\/lcdavocats.com\/index.php\/wp-json\/wp\/v2\/comments?post=68"}],"version-history":[{"count":0,"href":"https:\/\/lcdavocats.com\/index.php\/wp-json\/wp\/v2\/pages\/68\/revisions"}],"wp:attachment":[{"href":"https:\/\/lcdavocats.com\/index.php\/wp-json\/wp\/v2\/media?parent=68"}],"curies":[{"name":"wp","href":"https:\/\/api.w.org\/{rel}","templated":true}]}}