{"id":67,"date":"2019-08-31T17:44:59","date_gmt":"2019-08-31T15:44:59","guid":{"rendered":"http:\/\/cercle-avocats.fr\/?page_id=67"},"modified":"2019-08-31T17:44:59","modified_gmt":"2019-08-31T15:44:59","slug":"maureen-yon","status":"publish","type":"page","link":"https:\/\/lcdavocats.com\/index.php\/maureen-yon\/","title":{"rendered":"Maureen YON"},"content":{"rendered":"\n<h2 class=\"wp-block-heading\">Parcours<\/h2>\n\n\n\n<p>Apr\u00e8s avoir obtenu un Master de Droit \u00e0 \nl\u2019Universit\u00e9 de Paris-Assas et le Certificat d\u2019Aptitude \u00e0 la Profession \nd\u2019Avocat \u00e0 l\u2019Ecole des Avocats du Nord-Ouest, Ma\u00eetre Maureen YON a \nsouhait\u00e9 retrouver sa ville natale et a donc int\u00e9gr\u00e9 le Barreau du \nHavre, apr\u00e8s avoir pr\u00eat\u00e9 serment devant la Cour d\u2019Appel de Rouen.<\/p>\n\n\n\n<p>Son Cabinet est situ\u00e9 130 boulevard de Strasbourg au Havre, \u00e0 proximit\u00e9 imm\u00e9diate du Palais de Justice.<\/p>\n\n\n\n<p>Ma\u00eetre Maureen YON se tient \u00e0 votre disposition pour vous conseiller, vous assister ou vous repr\u00e9senter devant les tribunaux.<\/p>\n\n\n\n<p>Elle a vocation \u00e0 intervenir devant les \njuridictions havraises mais \u00e9galement devant les juridictions de toutes \nles villes de France.<\/p>\n\n\n\n<p>Elle r\u00e9pondra \u00e0 vos questions \nessentielles lors du premier rendez-vous et vous \u00e9clairera sur \nl\u2019opportunit\u00e9 d\u2019engager une action en justice.<\/p>\n\n\n\n<div style=\"height:100px\" aria-hidden=\"true\" class=\"wp-block-spacer\"><\/div>\n\n\n\n<h2 class=\"wp-block-heading\">Activit\u00e9s<\/h2>\n\n\n\n<h3 class=\"wp-block-heading\">Droit de la famille<\/h3>\n\n\n\n<ul class=\"wp-block-list\"><li>Divorce amiable ou contentieux<\/li><li>S\u00e9paration des couples non mari\u00e9s<\/li><li>Modalit\u00e9s d\u2019exercice de l\u2019autorit\u00e9 parentale&nbsp;: r\u00e9sidence des enfants, droits de visite et d\u2019h\u00e9bergement, pension alimentaire<\/li><li>Proc\u00e9dures d\u2019assistance \u00e9ducative devant le Juge des Enfants<\/li><\/ul>\n\n\n\n<h3 class=\"wp-block-heading\">Droit p\u00e9nal<\/h3>\n\n\n\n<ul class=\"wp-block-list\"><li>Garde \u00e0 vue\/ Auditions libres<\/li><li>Proc\u00e9dures devant le Juge d\u2019Instruction<\/li><li>Proc\u00e9dures devant le Tribunal de Police \/ le Tribunal Correctionnel \/ la Cour d\u2019Assises<\/li><li>Proc\u00e9dures d\u2019am\u00e9nagement de peine<\/li><\/ul>\n\n\n\n<h3 class=\"wp-block-heading\">Indemnisation des victimes<\/h3>\n\n\n\n<ul class=\"wp-block-list\"><li>Victimes d\u2019infractions p\u00e9nales<\/li><li>Victimes d\u2019accidents de la route<\/li><li>Victimes d\u2019erreurs m\u00e9dicales\/ d\u2019accidents m\u00e9dicaux<\/li><li>Victimes d\u2019accidents de la vie<\/li><\/ul>\n\n\n\n<p>Pour plus d\u2019informations concernant Me Maureen YON, <a href=\"https:\/\/www.maureenyon-avocat.com\/\">cliquez ici<\/a><\/p>\n\n\n\n<p><\/p>\n","protected":false},"excerpt":{"rendered":"<p>Parcours Apr\u00e8s avoir obtenu un Master de Droit \u00e0 l\u2019Universit\u00e9 de Paris-Assas et le Certificat d\u2019Aptitude \u00e0 la Profession d\u2019Avocat \u00e0 l\u2019Ecole des Avocats du Nord-Ouest, Ma\u00eetre Maureen YON a souhait\u00e9 retrouver sa ville natale et a donc int\u00e9gr\u00e9 le Barreau du Havre, apr\u00e8s avoir pr\u00eat\u00e9 serment devant la Cour d\u2019Appel de Rouen. Son Cabinet&hellip; <br \/> <a class=\"read-more\" href=\"https:\/\/lcdavocats.com\/index.php\/maureen-yon\/\">Lire la suite<\/a><\/p>\n","protected":false},"author":1,"featured_media":0,"parent":0,"menu_order":0,"comment_status":"closed","ping_status":"closed","template":"","meta":{"footnotes":""},"class_list":["post-67","page","type-page","status-publish","hentry"],"_links":{"self":[{"href":"https:\/\/lcdavocats.com\/index.php\/wp-json\/wp\/v2\/pages\/67","targetHints":{"allow":["GET"]}}],"collection":[{"href":"https:\/\/lcdavocats.com\/index.php\/wp-json\/wp\/v2\/pages"}],"about":[{"href":"https:\/\/lcdavocats.com\/index.php\/wp-json\/wp\/v2\/types\/page"}],"author":[{"embeddable":true,"href":"https:\/\/lcdavocats.com\/index.php\/wp-json\/wp\/v2\/users\/1"}],"replies":[{"embeddable":true,"href":"https:\/\/lcdavocats.com\/index.php\/wp-json\/wp\/v2\/comments?post=67"}],"version-history":[{"count":0,"href":"https:\/\/lcdavocats.com\/index.php\/wp-json\/wp\/v2\/pages\/67\/revisions"}],"wp:attachment":[{"href":"https:\/\/lcdavocats.com\/index.php\/wp-json\/wp\/v2\/media?parent=67"}],"curies":[{"name":"wp","href":"https:\/\/api.w.org\/{rel}","templated":true}]}}