{"id":65,"date":"2019-08-31T17:44:59","date_gmt":"2019-08-31T15:44:59","guid":{"rendered":"http:\/\/cercle-avocats.fr\/?page_id=65"},"modified":"2019-08-31T17:44:59","modified_gmt":"2019-08-31T15:44:59","slug":"floriane-riffelmacher","status":"publish","type":"page","link":"https:\/\/lcdavocats.com\/index.php\/floriane-riffelmacher\/","title":{"rendered":"Floriane RIFFELMACHER"},"content":{"rendered":"\n<h2 class=\"wp-block-heading\">Parcours<\/h2>\n\n\n\n<p>Originaire de la r\u00e9gion havraise, Ma\u00eetre RIFFELMACHER a grandi \u00e0 HARFLEUR o\u00f9 elle conserve ses attaches.<\/p>\n\n\n\n<p>Elle a obtenu une licence de droit langues \u00e0 l&rsquo;Universit\u00e9 du Havre \navant de poursuivre ses \u00e9tudes \u00e0 l&rsquo;Universit\u00e9 de Lille 2 o\u00f9 elle a \u00e9t\u00e9 \ndipl\u00f4m\u00e9e de l&rsquo;Institut de Criminologie.<\/p>\n\n\n\n<p>Elle a \u00e9galement obtenu un Master 1 de droit priv\u00e9 et sciences \ncriminelles avant d&rsquo;int\u00e9grer l&rsquo;IXAD (Ecole des Avocats du Nord-Ouest).<\/p>\n\n\n\n<p>Parall\u00e8lement \u00e0 cette formation professionnelle, Ma\u00eetre RIFFELMACHER a\n compl\u00e9t\u00e9 sa formation universitaire par un Master 2 mention Etudes \nP\u00e9nales et Criminelles.<\/p>\n\n\n\n<p>Attach\u00e9e \u00e0 sa r\u00e9gion natale, c&rsquo;est tout \u00e0 fait naturellement que \nMa\u00eetre RIFFELMACHER a d\u00e9sir\u00e9 int\u00e9grer le Barreau du Havre \u00e0 l&rsquo;issue de \nson cursus.<\/p>\n\n\n\n<div style=\"height:100px\" aria-hidden=\"true\" class=\"wp-block-spacer\"><\/div>\n\n\n\n<h2 class=\"wp-block-heading\">Activit\u00e9s<\/h2>\n\n\n\n<h3 class=\"wp-block-heading\"> Divorce <\/h3>\n\n\n\n<p>Que le divorce soit contentieux ou non, l&rsquo;avocat en est un acteur  essentiel pour vous conseiller et vous accompagner tout au long de la  proc\u00e9dure.<\/p>\n\n\n\n<h3 class=\"wp-block-heading\"> Pension alimentaire et droits de visite <\/h3>\n\n\n\n<p>Aujourd&rsquo;hui plus d&rsquo;un enfant sur deux est n\u00e9 hors mariage. Les unions\n libres n&rsquo;\u00e9chappent cependant pas aux s\u00e9parations de sorte qu&rsquo;il \nconvient dans cette hypoth\u00e8se de fixer les droits de chacun des parents \nsur leurs enfants communs.<\/p>\n\n\n\n<p>De m\u00eame, les droits fix\u00e9s par le Juge aux Affaires Familiales dans le cadre du <a href=\"https:\/\/www.riffelmacher-avocat.fr\/divorce.html\">divorce<\/a>\n peuvent s&rsquo;av\u00e9rer, quelques mois, voire quelques ann\u00e9es plus tard, ne \nplus \u00eatre adapt\u00e9s \u00e0 la situation des parents ou des enfants. Il convient\n alors de le ressaisir afin de voir ceux-ci \u00e9voluer.<\/p>\n\n\n\n<h3 class=\"wp-block-heading\"> Droit p\u00e9nal <\/h3>\n\n\n\n<p>\nDe la garde \u00e0 vue au post-sentenciel, votre avocat intervient \u00e0 tous les stades de la proc\u00e9dure p\u00e9nale.\n\n<\/p>\n","protected":false},"excerpt":{"rendered":"<p>Parcours Originaire de la r\u00e9gion havraise, Ma\u00eetre RIFFELMACHER a grandi \u00e0 HARFLEUR o\u00f9 elle conserve ses attaches. Elle a obtenu une licence de droit langues \u00e0 l&rsquo;Universit\u00e9 du Havre avant de poursuivre ses \u00e9tudes \u00e0 l&rsquo;Universit\u00e9 de Lille 2 o\u00f9 elle a \u00e9t\u00e9 dipl\u00f4m\u00e9e de l&rsquo;Institut de Criminologie. Elle a \u00e9galement obtenu un Master 1&hellip; <br \/> <a class=\"read-more\" href=\"https:\/\/lcdavocats.com\/index.php\/floriane-riffelmacher\/\">Lire la suite<\/a><\/p>\n","protected":false},"author":1,"featured_media":0,"parent":0,"menu_order":0,"comment_status":"closed","ping_status":"closed","template":"","meta":{"footnotes":""},"class_list":["post-65","page","type-page","status-publish","hentry"],"_links":{"self":[{"href":"https:\/\/lcdavocats.com\/index.php\/wp-json\/wp\/v2\/pages\/65","targetHints":{"allow":["GET"]}}],"collection":[{"href":"https:\/\/lcdavocats.com\/index.php\/wp-json\/wp\/v2\/pages"}],"about":[{"href":"https:\/\/lcdavocats.com\/index.php\/wp-json\/wp\/v2\/types\/page"}],"author":[{"embeddable":true,"href":"https:\/\/lcdavocats.com\/index.php\/wp-json\/wp\/v2\/users\/1"}],"replies":[{"embeddable":true,"href":"https:\/\/lcdavocats.com\/index.php\/wp-json\/wp\/v2\/comments?post=65"}],"version-history":[{"count":0,"href":"https:\/\/lcdavocats.com\/index.php\/wp-json\/wp\/v2\/pages\/65\/revisions"}],"wp:attachment":[{"href":"https:\/\/lcdavocats.com\/index.php\/wp-json\/wp\/v2\/media?parent=65"}],"curies":[{"name":"wp","href":"https:\/\/api.w.org\/{rel}","templated":true}]}}