{"id":30,"date":"2019-08-30T14:49:54","date_gmt":"2019-08-30T12:49:54","guid":{"rendered":"http:\/\/cercle-avocats.fr\/?page_id=30"},"modified":"2023-09-29T07:07:16","modified_gmt":"2023-09-29T05:07:16","slug":"avocat-le-havre","status":"publish","type":"page","link":"https:\/\/lcdavocats.com\/","title":{"rendered":"Le Cercle des Avocats &#8211; Le Havre"},"content":{"rendered":"<div  data-label=\"About\" data-id=\"about--2\" data-export-id=\"about-9\" data-category=\"about\" class=\"about-9 content-section content-section-spacing\" id=\"about-2\" style=\"background-color: rgb(255, 255, 255);\"><div  class=\"\"> <div  class=\"row middle-sm text-center\"><div  class=\"col-sm-5 space-bottom-xs content-column content-right-sm\" data-type=\"column\"> <h5  class=\"\">Barreau du Havre<\/h5> <h2  class=\"\">Le Cercle des Avocats<\/h2> <p  class=\"\">\n<br ><br >\nLE CERCLE DES AVOCATS est un groupement cr\u00e9\u00e9 pour promouvoir un nouveau mode d\u2019exercice de la profession d\u2019Avocats, en collaboration \u00e9troite avec plusieurs Avocats tout en conservant l\u2019autonomie inh\u00e9rente \u00e0 la profession.\n<br ><br >\n<br ><br ><br >Cr\u00e9dit photo David MORGANTI <\/p> <\/div> <div  class=\"col-sm-7 flexbox flexbox middle-xs center-xs space-bottom-xs\"><div  class=\"overlay-box flexbox middle-xs center-xs overlay-holder \"> <div  class=\"overlay-box-offset shadow-medium bg-color2 hide-xs offset-background\"><\/div> <a data-cp-link=\"1\" href=\"#\" target=\"_self\" rel=\"noopener\"><img  decoding=\"async\" class=\"flexbox shadow-large img1\" src=\"http:\/\/lcdavocats.com\/wp-content\/uploads\/2020\/02\/Le-Cercle-des-Avocats-Photo-David-Morganti-00007879-scaled.jpg\" data-size=\"600x400\" alt=\"\" title=\"cropped-cropped-Le-Cercle-des-Avocats-Photo-David-Morganti-00007884bis1-touf.jpg\"><\/a><\/div> <\/div><\/div> <\/div><\/div><div  data-label=\"Activites\" data-id=\"features--1\" data-export-id=\"features-13-card-bordered\" data-category=\"features\" class=\"features-13 content-section content-section-spacing\" id=\"activites\" style=\"background-color: rgb(245, 250, 253); background-image: none;\"><div  class=\"gridContainer\"> <div  class=\"row text-center\"><div  class=\"section-title-col\" data-type=\"column\">  <h3  class=\"\"><\/h3><h1  class=\"\">Activit\u00e9s<\/h1><p  class=\"lead\">Le Cercle des Avocats intervient dans les activit\u00e9s suivantes :<\/p><\/div> <\/div> <div  class=\"row spaced-cols center-sm content-center-sm\" data-type=\"row\">   <div  class=\"col-sm-4 col-md-6 \"> <div  class=\"card bordered y-move\" data-type=\"column\"> <i  class=\"fa icon color1 fa-bank reverse round big\"><\/i> <h4  class=\"\">Contentieux<\/h4> <p  class=\"\"><\/p> <\/div> <\/div><div  class=\"col-sm-4 col-md-6\"> <div  class=\"card bordered y-move\" data-type=\"column\"> <i  class=\"fa icon color1 fa-folder-open reverse round big\"><\/i> <h4  class=\"\">Conseil<\/h4> <p  class=\"\"><\/p> <\/div> <\/div><\/div> <\/div><\/div><div  data-label=\"Membres\" data-id=\"team--2\" data-export-id=\"team-2\" data-category=\"team\" class=\"team-2 content-section content-section-spacing\" id=\"membres-1\" style=\"background-color: rgb(255, 255, 255); background-image: none;\"><div  class=\"gridContainer\"> <div  class=\"row text-center\"><div  class=\"section-title-col\" data-type=\"column\"> <h2  class=\"\">Les membres<\/h2> <p  class=\"lead\"><\/p><\/div> <\/div> <div  class=\"row spaced-cols content-center-sm center-sm\" data-type=\"row\"> <div  class=\"col-sm-6 col-md-4 \"> <div  class=\"card y-move no-padding bordered\">  <div  data-type=\"column\" class=\"col-padding-small col-padding-small-xs description-container\"> <h4  class=\"font-500\">Anne-Sophie DUJARDIN<\/h4> <img  decoding=\"async\" class=\"custom-image\" src=\"http:\/\/cercle-avocats.fr\/wp-content\/uploads\/2020\/02\/Le-Cercle-des-Avocats-Photo-David-Morganti-00007410.jpg\" alt=\"\" title=\"Le-Cercle-des-Avocats-Photo-David-Morganti-00007410\"><p  class=\"small\" style=\"font-style: italic;\">Droit p\u00e9nal\n<br >\n<br ><br ><br >\n\n\n<\/p> <div  class=\"social-icons-group\" data-type=\"group\"> <a href=\"#\" target=\"_self\" data-reiki-hidden=\"true\" rel=\"noopener noreferrer\"><i  class=\"gray fa icon fa-facebook-square\"><\/i><\/a> <a href=\"#\" target=\"_self\" data-reiki-hidden=\"true\" rel=\"noopener noreferrer\"><i  class=\"gray fa icon fa-twitter-square\"><\/i><\/a> <a href=\"#\" target=\"_self\" data-reiki-hidden=\"true\" rel=\"noopener noreferrer\"><i  class=\"gray fa icon fa-linkedin-square\"><\/i><\/a> <a href=\"#\" target=\"_blank\" rel=\"noopener noreferrer\"><i  class=\"gray fa icon fa-mouse-pointer\"><\/i><\/a><\/div> <\/div><\/div> <\/div> <div  class=\"col-sm-6 col-md-4 \"> <div  class=\"card y-move no-padding bordered\">  <div  data-type=\"column\" class=\"col-padding-small col-padding-small-xs description-container\"> <h4  class=\"font-500\">Marion FAMERY<\/h4> <img  decoding=\"async\" class=\"custom-image\" src=\"http:\/\/cercle-avocats.fr\/wp-content\/uploads\/2020\/02\/Le-Cercle-des-Avocats-Photo-David-Morganti-00007848.jpg\" alt=\"\" title=\"Le-Cercle-des-Avocats-Photo-David-Morganti-00007848\"><p  class=\"small\" style=\"font-style: italic;\">Droit de la consommation\n<br >Contentieux locatif<br >Proc\u00e9dures d\u2019ex\u00e9cution forc\u00e9e<br >Saisie immobili\u00e8re<\/p> <div  class=\"social-icons-group\" data-type=\"group\"> <a href=\"#\" target=\"_self\" data-reiki-hidden=\"true\" rel=\"noopener noreferrer\"><i  class=\"gray fa icon fa-facebook-square\"><\/i><\/a> <a href=\"#\" target=\"_self\" data-reiki-hidden=\"true\" rel=\"noopener noreferrer\"><i  class=\"gray fa icon fa-twitter-square\"><\/i><\/a> <a href=\"#\" target=\"_self\" data-reiki-hidden=\"true\" rel=\"noopener noreferrer\"><i  class=\"gray fa icon fa-linkedin-square\"><\/i><\/a> <a href=\"http:\/\/marionfamery-avocat.com\" target=\"_blank\" class=\"\" rel=\"noopener noreferrer\"><i  class=\"gray fa icon fa-mouse-pointer\"><\/i><\/a><\/div> <\/div><\/div> <\/div>  <div  class=\"col-sm-6 col-md-4 \"> <div  class=\"card y-move no-padding bordered\">  <div  data-type=\"column\" class=\"col-padding-small col-padding-small-xs description-container\"> <h4  class=\"font-500\">Floriane RIFFELMACHER<\/h4> <a  data-cp-link=\"1\" href=\"#\" class=\"\"><img  decoding=\"async\" class=\"custom-image\" src=\"http:\/\/cercle-avocats.fr\/wp-content\/uploads\/2020\/02\/Le-Cercle-des-Avocats-Photo-David-Morganti-00007647.jpg\" alt=\"\" title=\"Le-Cercle-des-Avocats-Photo-David-Morganti-00007647\"><\/a><p  class=\"small\" style=\"font-style: italic;\">Droit de la famille<br >Droit des mineurs<br >Droit p\u00e9nal\n<\/p> <div  class=\"social-icons-group\" data-type=\"group\"> <a href=\"#\" target=\"_self\" data-reiki-hidden=\"true\" rel=\"noopener noreferrer\"><i  class=\"gray fa icon fa-facebook-square\"><\/i><\/a> <a href=\"#\" target=\"_self\" data-reiki-hidden=\"true\" rel=\"noopener noreferrer\"><i  class=\"gray fa icon fa-twitter-square\"><\/i><\/a> <a href=\"#\" target=\"_self\" data-reiki-hidden=\"true\" rel=\"noopener noreferrer\"><i  class=\"gray fa icon fa-linkedin-square\"><\/i><\/a> <a href=\"https:\/\/www.riffelmacher-avocat.fr\" target=\"_blank\" class=\"\" rel=\"noopener noreferrer\"><i  class=\"gray fa icon fa-mouse-pointer\"><\/i><\/a><\/div> <\/div><\/div> <\/div>  <div  class=\"col-sm-6 col-md-4 \"> <div  class=\"card y-move no-padding bordered\">  <div  data-type=\"column\" class=\"col-padding-small col-padding-small-xs description-container\"> <h4  class=\"font-500\">Maureen YON<\/h4> <img  decoding=\"async\" class=\"custom-image\" src=\"http:\/\/cercle-avocats.fr\/wp-content\/uploads\/2020\/02\/Le-Cercle-des-Avocats-Photo-David-Morganti-00007480.jpg\" alt=\"\" title=\"Le-Cercle-des-Avocats-Photo-David-Morganti-00007480\"><p  class=\"small\" style=\"font-style: italic;\">Indemnisation des victimes\n<br >Droit de la famille<br >Droit p\u00e9nal<\/p> <div  class=\"social-icons-group\" data-type=\"group\"> <a href=\"#\" target=\"_self\" data-reiki-hidden=\"true\" rel=\"noopener noreferrer\"><i  class=\"gray fa icon fa-facebook-square\"><\/i><\/a> <a href=\"#\" target=\"_self\" data-reiki-hidden=\"true\" rel=\"noopener noreferrer\"><i  class=\"gray fa icon fa-twitter-square\"><\/i><\/a> <a href=\"#\" target=\"_self\" data-reiki-hidden=\"true\" rel=\"noopener noreferrer\"><i  class=\"gray fa icon fa-linkedin-square\"><\/i><\/a> <a href=\"https:\/\/www.maureenyon-avocat.com\" target=\"_blank\" class=\"\" rel=\"noopener noreferrer\"><i  class=\"gray fa icon fa-mouse-pointer\"><\/i><\/a><\/div> <\/div><\/div> <\/div><div  class=\"col-sm-6 col-md-4 \"> <div  class=\"card y-move no-padding bordered\">  <div  data-type=\"column\" class=\"col-padding-small col-padding-small-xs description-container\">   <h4  class=\"font-500\">L\u00e9a TRIVES<\/h4><p  class=\"small\" style=\"font-style: italic;\">\nDroit p\u00e9nal<br ><br > \n<\/p><div  class=\"social-icons-group\" data-type=\"group\"> <a href=\"#\" target=\"_self\" data-reiki-hidden=\"true\" rel=\"noopener noreferrer\"><i  class=\"gray fa icon fa-facebook-square\"><\/i><\/a> <a href=\"#\" target=\"_self\" data-reiki-hidden=\"true\" rel=\"noopener noreferrer\"><i  class=\"gray fa icon fa-twitter-square\"><\/i><\/a> <a href=\"#\" target=\"_self\" data-reiki-hidden=\"true\" rel=\"noopener noreferrer\"><i  class=\"gray fa icon fa-linkedin-square\"><\/i><\/a> <a href=\"http:\/\/lh-avocat.fr\" target=\"_self\" class=\"\" rel=\"noopener noreferrer\" data-reiki-hidden=\"true\"><i  class=\"gray fa icon fa-mouse-pointer\"><\/i><\/a><\/div> <\/div><\/div> <\/div>  <\/div> <\/div><\/div><div  data-label=\"Contact\" data-id=\"contact--1\" data-export-id=\"contact-1\" data-category=\"contact\" class=\"contact-1 content-section content-section-spacing white-text\" data-parallax-depth=\"20\" id=\"contact-1\" style=\"background-color: rgb(245, 250, 253); background-image: url(&quot;http:\/\/cercle-avocats.fr\/wp-content\/uploads\/2019\/08\/Le-Cercle-des-Avocats-Patern-2-1.png&quot;); background-size: cover; background-position: center top;\"><div  class=\"gridContainer\"> <div  class=\"row text-center\"><div  class=\"section-title-col\" data-type=\"column\"> <h2  class=\"\">Contactez nous<\/h2> <\/div> <\/div> <div  class=\"row text-center\"> <div  class=\"col-xs-12 col-sm-8 col-sm-offset-2 contact-form-wrapper\"> <div  class=\"card large-padding\"> <div  class=\"\" data-content-shortcode=\"mesmerize_contact_form shortcode=&quot;contact-form-7 id=&amp;amp;quot;114&amp;amp;quot; title=&amp;amp;quot;Formulaire de contact 1&amp;amp;quot;&quot;\" data-editable=\"true\">\n<div class=\"wpcf7 no-js\" id=\"wpcf7-f2887-o1\" lang=\"fr-FR\" dir=\"ltr\">\n<div class=\"screen-reader-response\"><p role=\"status\" aria-live=\"polite\" aria-atomic=\"true\"><\/p> <ul><\/ul><\/div>\n<form action=\"\/index.php\/wp-json\/wp\/v2\/pages\/30#wpcf7-f2887-o1\" method=\"post\" class=\"wpcf7-form init\" aria-label=\"Formulaire de contact\" novalidate=\"novalidate\" data-status=\"init\">\n<div style=\"display: none;\">\n<input type=\"hidden\" name=\"_wpcf7\" value=\"2887\" \/>\n<input type=\"hidden\" name=\"_wpcf7_version\" value=\"5.8.1\" \/>\n<input type=\"hidden\" name=\"_wpcf7_locale\" value=\"fr_FR\" \/>\n<input type=\"hidden\" name=\"_wpcf7_unit_tag\" value=\"wpcf7-f2887-o1\" \/>\n<input type=\"hidden\" name=\"_wpcf7_container_post\" value=\"0\" \/>\n<input type=\"hidden\" name=\"_wpcf7_posted_data_hash\" value=\"\" \/>\n<\/div>\n<p><label> Votre nom<br \/>\n<span class=\"wpcf7-form-control-wrap\" data-name=\"your-name\"><input size=\"40\" class=\"wpcf7-form-control wpcf7-text wpcf7-validates-as-required\" autocomplete=\"name\" aria-required=\"true\" aria-invalid=\"false\" value=\"\" type=\"text\" name=\"your-name\" \/><\/span> <\/label>\n<\/p>\n<p><label> Votre e-mail<br \/>\n<span class=\"wpcf7-form-control-wrap\" data-name=\"your-email\"><input size=\"40\" class=\"wpcf7-form-control wpcf7-email wpcf7-validates-as-required wpcf7-text wpcf7-validates-as-email\" autocomplete=\"email\" aria-required=\"true\" aria-invalid=\"false\" value=\"\" type=\"email\" name=\"your-email\" \/><\/span> <\/label>\n<\/p>\n<p><label> Objet<br \/>\n<span class=\"wpcf7-form-control-wrap\" data-name=\"your-subject\"><input size=\"40\" class=\"wpcf7-form-control wpcf7-text wpcf7-validates-as-required\" aria-required=\"true\" aria-invalid=\"false\" value=\"\" type=\"text\" name=\"your-subject\" \/><\/span> <\/label>\n<\/p>\n<p><label> Votre message (facultatif)<br \/>\n<span class=\"wpcf7-form-control-wrap\" data-name=\"your-message\"><textarea cols=\"40\" rows=\"10\" class=\"wpcf7-form-control wpcf7-textarea\" aria-invalid=\"false\" name=\"your-message\"><\/textarea><\/span> <\/label>\n<\/p>\n<p><input class=\"wpcf7-form-control wpcf7-submit has-spinner\" type=\"submit\" value=\"Envoyer\" \/>\n<\/p><p style=\"display: none !important;\"><label>&#916;<textarea name=\"_wpcf7_ak_hp_textarea\" cols=\"45\" rows=\"8\" maxlength=\"100\"><\/textarea><\/label><input type=\"hidden\" id=\"ak_js_1\" name=\"_wpcf7_ak_js\" value=\"10\"\/><script>document.getElementById( \"ak_js_1\" ).setAttribute( \"value\", ( new Date() ).getTime() );<\/script><\/p><div class=\"wpcf7-response-output\" aria-hidden=\"true\"><\/div>\n<\/form>\n<\/div>\n<\/div><\/div> <\/div><\/div> <\/div><\/div><div  data-label=\"Cta\" data-id=\"cta--1\" data-export-id=\"cta-blue-section\" data-category=\"cta\" class=\"cta-blue-section content-section content-section-spacing-medium bg-color1 white-text\" id=\"cta-1\" style=\"background-image: none; background-color: rgb(255, 255, 255);\"><div  class=\"gridContainer\"> <div  class=\"row middle-xs\"><div  class=\"col-sm-8 space-bottom-xs\" data-type=\"column\"> <h2  class=\"\"><iframe loading=\"lazy\"  src=\"https:\/\/www.youtube.com\/embed\/B51f1Q_NBP4\" allow=\"accelerometer; autoplay; encrypted-media; gyroscope; picture-in-picture\" allowfullscreen=\"\" width=\"560\" height=\"315\" frameborder=\"0\"><iframe loading=\"lazy\"                                                                                         src=\"https:\/\/www.youtube.com\/embed\/B51f1Q_NBP4\" allow=\"accelerometer; autoplay; encrypted-media; gyroscope; picture-in-picture\" allowfullscreen=\"\"  width=\"560\" height=\"315\" frameborder=\"0\"><br                                                                                         ><\/iframe><\/h2> <\/div> <div  class=\"col-sm-4 end-sm\" data-type=\"column\"><img  decoding=\"async\" class=\"custom-image\" src=\"http:\/\/cercle-avocats.fr\/wp-content\/uploads\/2019\/08\/cropped-Le-Cercle-des-Avocats-LogoPatern-1.png\" alt=\"\" title=\"cropped-Le-Cercle-des-Avocats-LogoPatern-1.png\"> <\/div> <\/div><\/div> <\/div>","protected":false},"excerpt":{"rendered":"<p>Barreau du Havre Le Cercle des Avocats LE CERCLE DES AVOCATS est un groupement cr\u00e9\u00e9 pour promouvoir un nouveau mode d\u2019exercice de la profession d\u2019Avocats, en collaboration \u00e9troite avec plusieurs Avocats tout en conservant l\u2019autonomie inh\u00e9rente \u00e0 la profession. Cr\u00e9dit photo David MORGANTI Activit\u00e9sLe Cercle des Avocats intervient dans les activit\u00e9s suivantes : Contentieux Conseil&hellip; <br \/> <a class=\"read-more\" href=\"https:\/\/lcdavocats.com\/\">Lire la suite<\/a><\/p>\n","protected":false},"author":1,"featured_media":0,"parent":0,"menu_order":0,"comment_status":"closed","ping_status":"closed","template":"page-templates\/homepage.php","meta":{"footnotes":""},"class_list":["post-30","page","type-page","status-publish","hentry"],"_links":{"self":[{"href":"https:\/\/lcdavocats.com\/index.php\/wp-json\/wp\/v2\/pages\/30","targetHints":{"allow":["GET"]}}],"collection":[{"href":"https:\/\/lcdavocats.com\/index.php\/wp-json\/wp\/v2\/pages"}],"about":[{"href":"https:\/\/lcdavocats.com\/index.php\/wp-json\/wp\/v2\/types\/page"}],"author":[{"embeddable":true,"href":"https:\/\/lcdavocats.com\/index.php\/wp-json\/wp\/v2\/users\/1"}],"replies":[{"embeddable":true,"href":"https:\/\/lcdavocats.com\/index.php\/wp-json\/wp\/v2\/comments?post=30"}],"version-history":[{"count":11,"href":"https:\/\/lcdavocats.com\/index.php\/wp-json\/wp\/v2\/pages\/30\/revisions"}],"predecessor-version":[{"id":2904,"href":"https:\/\/lcdavocats.com\/index.php\/wp-json\/wp\/v2\/pages\/30\/revisions\/2904"}],"wp:attachment":[{"href":"https:\/\/lcdavocats.com\/index.php\/wp-json\/wp\/v2\/media?parent=30"}],"curies":[{"name":"wp","href":"https:\/\/api.w.org\/{rel}","templated":true}]}}